{"id":8,"date":"2021-02-16T20:31:28","date_gmt":"2021-02-16T20:31:28","guid":{"rendered":"https:\/\/doctorlaps.com.mx\/?page_id=8"},"modified":"2026-03-08T06:52:53","modified_gmt":"2026-03-08T12:52:53","slug":"contacto","status":"publish","type":"page","link":"https:\/\/doctorlaps.com.mx\/index.php\/contacto\/","title":{"rendered":"Contacto"},"content":{"rendered":"\n<p>Matriz &#8211; Mega Soriana Sombrerete<\/p>\n\n\n\n<figure class=\"wp-block-image size-full\"><a href=\"https:\/\/goo.gl\/maps\/rHJmrbsGQQXsBx9x7\"><img loading=\"lazy\" decoding=\"async\" width=\"853\" height=\"514\" src=\"https:\/\/doctorlaps.com.mx\/wp-content\/uploads\/2023\/07\/Mapa-Sombrerete.png\" alt=\"\" class=\"wp-image-219\" srcset=\"https:\/\/doctorlaps.com.mx\/wp-content\/uploads\/2023\/07\/Mapa-Sombrerete.png 853w, https:\/\/doctorlaps.com.mx\/wp-content\/uploads\/2023\/07\/Mapa-Sombrerete-300x181.png 300w, https:\/\/doctorlaps.com.mx\/wp-content\/uploads\/2023\/07\/Mapa-Sombrerete-768x463.png 768w\" sizes=\"auto, (max-width: 853px) 100vw, 853px\" \/><\/a><\/figure>\n\n\n\n<hr class=\"wp-block-separator has-alpha-channel-opacity\"\/>\n\n\n\n<p>Mega Soriana Pe\u00f1uelas, Local 11 exterior, local izquierda antes de ingresar a la MEGA.<br>Av. Cerro del Sombrete #1198 y Blvr. de la Naci\u00f3n, Colonia centro norte, C.P. 76125, Quer\u00e9taro, Quer\u00e9taro, Horario: Lunes a Viernes de 10 a 2 y de 4 a 6 pm y S\u00e1bados de 10 a 4, Domingo por cita. Informes al 442 614.44.04<\/p>\n","protected":false},"excerpt":{"rendered":"<p>Matriz &#8211; Mega Soriana Sombrerete Mega Soriana Pe\u00f1uelas, Local 11 exterior, local izquierda antes de ingresar a la MEGA.Av. Cerro del Sombrete #1198 y Blvr. de la Naci\u00f3n, Colonia centro norte, C.P. 76125, Quer\u00e9taro, Quer\u00e9taro, Horario: Lunes a Viernes de 10 a 2 y de 4 a 6 pm y S\u00e1bados de 10 a 4,<\/p>\n<a href=\"https:\/\/doctorlaps.com.mx\/index.php\/contacto\/\" class=\"btn frontech-btn\"><span><\/span>Leer m\u00e1s<\/a>","protected":false},"author":1,"featured_media":0,"parent":0,"menu_order":0,"comment_status":"closed","ping_status":"closed","template":"","meta":{"footnotes":""},"class_list":["post-8","page","type-page","status-publish","hentry"],"_links":{"self":[{"href":"https:\/\/doctorlaps.com.mx\/index.php\/wp-json\/wp\/v2\/pages\/8","targetHints":{"allow":["GET"]}}],"collection":[{"href":"https:\/\/doctorlaps.com.mx\/index.php\/wp-json\/wp\/v2\/pages"}],"about":[{"href":"https:\/\/doctorlaps.com.mx\/index.php\/wp-json\/wp\/v2\/types\/page"}],"author":[{"embeddable":true,"href":"https:\/\/doctorlaps.com.mx\/index.php\/wp-json\/wp\/v2\/users\/1"}],"replies":[{"embeddable":true,"href":"https:\/\/doctorlaps.com.mx\/index.php\/wp-json\/wp\/v2\/comments?post=8"}],"version-history":[{"count":26,"href":"https:\/\/doctorlaps.com.mx\/index.php\/wp-json\/wp\/v2\/pages\/8\/revisions"}],"predecessor-version":[{"id":241,"href":"https:\/\/doctorlaps.com.mx\/index.php\/wp-json\/wp\/v2\/pages\/8\/revisions\/241"}],"wp:attachment":[{"href":"https:\/\/doctorlaps.com.mx\/index.php\/wp-json\/wp\/v2\/media?parent=8"}],"curies":[{"name":"wp","href":"https:\/\/api.w.org\/{rel}","templated":true}]}}